{"id":4201,"date":"2024-05-13T09:11:55","date_gmt":"2024-05-13T07:11:55","guid":{"rendered":"https:\/\/www.comprareguzkilore.com\/ilargi-eguzkilore-en-alsasua\/"},"modified":"2024-05-13T09:11:55","modified_gmt":"2024-05-13T07:11:55","slug":"ilargi-eguzkilore-en-alsasua","status":"publish","type":"page","link":"https:\/\/www.comprareguzkilore.com\/eu\/ilargi-eguzkilore-en-alsasua\/","title":{"rendered":"ilargi eguzkilore en Alsasua"},"content":{"rendered":"<div class=\"wpb_column vc_column_container vc_col-sm-12\">\n<div class=\"vc_column-inner\">\n<div class=\"wpb_wrapper\">\n<div class=\"vc_row wpb_row vc_inner vc_row-fluid\">\n<div class=\"wpb_column vc_column_container vc_col-sm-12\">\n<div class=\"vc_column-inner\">\n<div class=\"wpb_wrapper\">\n<div class=\"wpb_text_column wpb_content_element \">\n<div class=\"wpb_wrapper\">\n<div class=\"mkdf-container mkdf-default-page-template\">\n<div class=\"mkdf-container-inner clearfix\">\n<div class=\"mkdf-grid-row\">\n<div class=\"mkdf-page-content-holder mkdf-grid-col-12\">\n<div class=\"wpb_column vc_column_container vc_col-sm-12\">\n<div class=\"vc_column-inner\">\n<div class=\"wpb_wrapper\">\n<div class=\"vc_row wpb_row vc_inner vc_row-fluid\">\n<div class=\"wpb_column vc_column_container vc_col-sm-12\">\n<div class=\"vc_column-inner\">\n<div class=\"wpb_wrapper\">\n<div class=\"wpb_text_column wpb_content_element \">\n<div class=\"wpb_wrapper\">\n<p>Cuenta la leyenda que h<em>ace miles y miles de a\u00f1os, cuando los hombres y mujeres empezaban a poblar la tierra, no exist\u00edan ni el sol ni la luna. As\u00ed los habitantes del planeta viv\u00edan en constante oscuridad, asustados por los numerosos genios que sal\u00edan de las entra\u00f1as de la tierra en forma de toros de fuego, caballos voladores, enormes dragones\u2026<\/em><\/p>\n<p><em>Los hombres, desesperados, decidieron pedir ayuda a la Amalur (madre Tierra).<\/em><\/p>\n<p><em>Aquellos vascos primitivos le rogaron a Amalur que les protegiera de los peligros constantes a los que se enfrentaban en dicha oscuridad. Amalur estaba muy ocupada e hizo caso omiso a las peticiones de los hombre y mujeres, pero estos siguieron insistiendo. Ante tanta insistencia Amalur atendi\u00f3 las peticiones, creando para ello un ser luminoso al que llam\u00f3 Ilargi. <\/em><em><img loading=\"lazy\" decoding=\"async\" class=\"size-medium wp-image-3000 aligncenter\" src=\"https:\/\/www.comprareguzkilore.com\/wp-content\/uploads\/2023\/08\/FotoProductoEjemplo-300x291.jpg\" sizes=\"auto, (max-width: 300px) 100vw, 300px\" srcset=\"https:\/\/www.comprareguzkilore.com\/wp-content\/uploads\/2023\/08\/FotoProductoEjemplo-300x291.jpg 300w, https:\/\/www.comprareguzkilore.com\/wp-content\/uploads\/2023\/08\/FotoProductoEjemplo.jpg 374w\" alt=\"\" width=\"300\" height=\"291\" \/><\/em><\/p>\n<\/div>\n<\/div>\n<\/div>\n<\/div>\n<\/div>\n<\/div>\n<\/div>\n<\/div>\n<\/div>\n<\/div>\n<\/div>\n<\/div>\n<\/div>\n<\/div>\n<\/div>\n<\/div>\n<\/div>\n<\/div>\n<\/div>\n<\/div>\n<\/div>\n<\/div>\n","protected":false},"excerpt":{"rendered":"<p>Cuenta la leyenda que hace miles y miles de a\u00f1os, cuando los hombres y mujeres empezaban a poblar la tierra, no exist\u00edan ni el sol ni la luna. As\u00ed los habitantes del planeta viv\u00edan en constante oscuridad, asustados por los [&hellip;]<\/p>\n","protected":false},"author":1,"featured_media":0,"parent":0,"menu_order":0,"comment_status":"closed","ping_status":"open","template":"","meta":{"footnotes":""},"class_list":["post-4201","page","type-page","status-publish","hentry"],"aioseo_notices":[],"_links":{"self":[{"href":"https:\/\/www.comprareguzkilore.com\/eu\/wp-json\/wp\/v2\/pages\/4201","targetHints":{"allow":["GET"]}}],"collection":[{"href":"https:\/\/www.comprareguzkilore.com\/eu\/wp-json\/wp\/v2\/pages"}],"about":[{"href":"https:\/\/www.comprareguzkilore.com\/eu\/wp-json\/wp\/v2\/types\/page"}],"author":[{"embeddable":true,"href":"https:\/\/www.comprareguzkilore.com\/eu\/wp-json\/wp\/v2\/users\/1"}],"replies":[{"embeddable":true,"href":"https:\/\/www.comprareguzkilore.com\/eu\/wp-json\/wp\/v2\/comments?post=4201"}],"version-history":[{"count":0,"href":"https:\/\/www.comprareguzkilore.com\/eu\/wp-json\/wp\/v2\/pages\/4201\/revisions"}],"wp:attachment":[{"href":"https:\/\/www.comprareguzkilore.com\/eu\/wp-json\/wp\/v2\/media?parent=4201"}],"curies":[{"name":"wp","href":"https:\/\/api.w.org\/{rel}","templated":true}]}}