{"id":4220,"date":"2023-08-29T11:41:37","date_gmt":"2023-08-29T09:41:37","guid":{"rendered":"https:\/\/www.comprareguzkilore.com\/quienes-somos\/"},"modified":"2023-08-29T11:41:37","modified_gmt":"2023-08-29T09:41:37","slug":"quienes-somos","status":"publish","type":"page","link":"https:\/\/www.comprareguzkilore.com\/eu\/quienes-somos\/","title":{"rendered":"Qui\u00e9nes somos"},"content":{"rendered":"<p>[vc_row row_content_width=&#8221;grid&#8221; css=&#8221;.vc_custom_1526291177080{padding-top: 80px !important;padding-bottom: 120px !important;}&#8221;][vc_column]<div class=\"mkdf-elements-holder   mkdf-two-columns  mkdf-responsive-mode-1024 \" ><div class=\"mkdf-eh-item  mkdf-vertical-alignment-top    \"  data-item-class=\"mkdf-eh-custom-3474\" data-1024-1366=\"0px 10% 0px 0px\" data-768-1024=\"0px 29% 80px 0px\" data-680-768=\"0px 17% 80px 0px\" data-680=\"0px 0% 80px 0px\">\n\t<div class=\"mkdf-eh-item-background-image\" ><\/div>\n        <div class=\"mkdf-eh-item-inner\">\n\t\t<div class=\"mkdf-eh-item-content mkdf-eh-custom-3474\" style=\"padding: 28px 10% 0px 0px\">\n\t\t\t<div class=\"mkdf-section-title-holder  mkdf-st-disable-title-break mkdf-st-subtitle-pos-under\" >\n\t<div class=\"mkdf-st-inner\">\n\t\t\t\t\t\t\t<h2 class=\"mkdf-st-title\" >\n\t\t\t\tFundada hace 25 a\u00f1os,<br \/> nuestra empresa se ha convertido en un referente del <span class=\"mkdf-st-title-highlight\">cultivo<\/span> <span class=\"mkdf-st-title-highlight\">y<\/span> <span class=\"mkdf-st-title-highlight\">venta<\/span> <span class=\"mkdf-st-title-highlight\">del<\/span> <span class=\"mkdf-st-title-highlight\">Eguzkilore,<\/span> un s\u00edmbolo ancestral que nos conecta con nuestra rica herencia vasca.\t\t\t<\/h2>\n\t\t        \t\t\t<\/div>\n<\/div>[vc_empty_space height=&#8221;42px&#8221;]\t\t<\/div>\n\t<\/div>\n<\/div><div class=\"mkdf-eh-item      \"  data-item-class=\"mkdf-eh-custom-7549\">\n\t<div class=\"mkdf-eh-item-background-image\" ><\/div>\n        <div class=\"mkdf-eh-item-inner\">\n\t\t<div class=\"mkdf-eh-item-content mkdf-eh-custom-7549\" style=\"padding: 0 0 0 0\">\n\t\t\t[vc_single_image image=&#8221;3102&#8243; img_size=&#8221;full&#8221;]\t\t<\/div>\n\t<\/div>\n<\/div><\/div>[vc_row_inner][vc_column_inner][vc_column_text]<\/p>\n<h3><strong>Nuestra Especializaci\u00f3n en Eguzkilore:<\/strong><\/h3>\n<p>El Eguzkilore, tambi\u00e9n conocido como &#8220;flor del sol&#8221;, es m\u00e1s que una planta para nosotros. Es una ventana al pasado, un recordatorio de la importancia de nuestras tradiciones y un emblema de protecci\u00f3n arraigado en la cultura vasca. Durante a\u00f1os, hemos perfeccionado el arte de cultivar y cuidar esta planta \u00fanica.<\/p>\n<p>&nbsp;<\/p>\n<h3><strong>Nuestros Servicios:<\/strong><\/h3>\n<p>Adem\u00e1s del cultivo y venta de eguzkilores, ofrecemos los siguientes servicios:<\/p>\n<ul>\n<li>Proyectos de Jardiner\u00eda: Desde el dise\u00f1o conceptual hasta la realizaci\u00f3n, nuestros expertos en jardiner\u00eda transformar\u00e1n tus ideas en impresionantes jardines que reflejen tu visi\u00f3n \u00fanica.<\/li>\n<li>Mantenimiento de Jardiner\u00eda: Nos encargamos de mantener la salud y la belleza de tus jardines, asegurando que florezcan en cada temporada.<\/li>\n<li>Tratamientos Fitosanitarios: La salud de tus plantas es nuestra prioridad. Ofrecemos tratamientos fitosanitarios efectivos para proteger tus jardines de plagas y enfermedades.<\/li>\n<li>Riegos e Instalaciones: Cada planta necesita el equilibrio perfecto de agua. Con nuestra experiencia en sistemas de riego, tus jardines recibir\u00e1n la hidrataci\u00f3n adecuada para prosperar.<\/li>\n<li>Instalaci\u00f3n de Jard\u00edn de C\u00e9sped Artificial: Si buscas una soluci\u00f3n est\u00e9tica y pr\u00e1ctica, ofrecemos la instalaci\u00f3n de c\u00e9sped artificial que a\u00f1adir\u00e1 un toque verde sin las preocupaciones del mantenimiento tradicional.<\/li>\n<li>Podas: Mant\u00e9n la forma y la salud de tus \u00e1rboles con nuestras podas expertas, que promover\u00e1n un crecimiento saludable y una est\u00e9tica impecable.<\/li>\n<\/ul>\n<p>[\/vc_column_text][\/vc_column_inner][\/vc_row_inner][\/vc_column][\/vc_row]<\/p>\n","protected":false},"excerpt":{"rendered":"<p>[vc_row row_content_width=&#8221;grid&#8221; css=&#8221;.vc_custom_1526291177080{padding-top: 80px !important;padding-bottom: 120px !important;}&#8221;][vc_column][vc_row_inner][vc_column_inner][vc_column_text] Nuestra Especializaci\u00f3n en Eguzkilore: El Eguzkilore, tambi\u00e9n conocido como &#8220;flor del sol&#8221;, es m\u00e1s que una planta para nosotros. Es una ventana al pasado, un recordatorio de la importancia de nuestras tradiciones y [&hellip;]<\/p>\n","protected":false},"author":1,"featured_media":0,"parent":0,"menu_order":0,"comment_status":"closed","ping_status":"closed","template":"full-width.php","meta":{"footnotes":""},"class_list":["post-4220","page","type-page","status-publish","hentry"],"aioseo_notices":[],"_links":{"self":[{"href":"https:\/\/www.comprareguzkilore.com\/eu\/wp-json\/wp\/v2\/pages\/4220","targetHints":{"allow":["GET"]}}],"collection":[{"href":"https:\/\/www.comprareguzkilore.com\/eu\/wp-json\/wp\/v2\/pages"}],"about":[{"href":"https:\/\/www.comprareguzkilore.com\/eu\/wp-json\/wp\/v2\/types\/page"}],"author":[{"embeddable":true,"href":"https:\/\/www.comprareguzkilore.com\/eu\/wp-json\/wp\/v2\/users\/1"}],"replies":[{"embeddable":true,"href":"https:\/\/www.comprareguzkilore.com\/eu\/wp-json\/wp\/v2\/comments?post=4220"}],"version-history":[{"count":0,"href":"https:\/\/www.comprareguzkilore.com\/eu\/wp-json\/wp\/v2\/pages\/4220\/revisions"}],"wp:attachment":[{"href":"https:\/\/www.comprareguzkilore.com\/eu\/wp-json\/wp\/v2\/media?parent=4220"}],"curies":[{"name":"wp","href":"https:\/\/api.w.org\/{rel}","templated":true}]}}