{"id":4221,"date":"2023-08-29T11:33:31","date_gmt":"2023-08-29T09:33:31","guid":{"rendered":"https:\/\/www.comprareguzkilore.com\/cultiva-tu-eguzkilore\/"},"modified":"2023-08-29T11:33:31","modified_gmt":"2023-08-29T09:33:31","slug":"cultiva-tu-eguzkilore","status":"publish","type":"page","link":"https:\/\/www.comprareguzkilore.com\/eu\/cultiva-tu-eguzkilore\/","title":{"rendered":"Cultiva tu eguzkilore"},"content":{"rendered":"<p>[vc_row row_content_width=&#8221;grid&#8221; css=&#8221;.vc_custom_1526291177080{padding-top: 80px !important;padding-bottom: 120px !important;}&#8221;][vc_column]<div class=\"mkdf-elements-holder   mkdf-two-columns  mkdf-responsive-mode-1024 \" ><div class=\"mkdf-eh-item  mkdf-vertical-alignment-top    \"  data-item-class=\"mkdf-eh-custom-6710\" data-1024-1366=\"0px 10% 0px 0px\" data-768-1024=\"0px 29% 80px 0px\" data-680-768=\"0px 17% 80px 0px\" data-680=\"0px 0% 80px 0px\">\n\t<div class=\"mkdf-eh-item-background-image\" ><\/div>\n        <div class=\"mkdf-eh-item-inner\">\n\t\t<div class=\"mkdf-eh-item-content mkdf-eh-custom-6710\" style=\"padding: 28px 10% 0px 0px\">\n\t\t\t<div class=\"mkdf-section-title-holder  mkdf-st-disable-title-break mkdf-st-subtitle-pos-under\" >\n\t<div class=\"mkdf-st-inner\">\n\t\t\t\t\t\t\t<h2 class=\"mkdf-st-title\" >\n\t\t\t\tEsta gu\u00eda te llevar\u00e1<br \/> a trav\u00e9s de los pasos esenciales para <span class=\"mkdf-st-title-highlight\">cultivar<\/span> <span class=\"mkdf-st-title-highlight\">y<\/span> <span class=\"mkdf-st-title-highlight\">cuidar<\/span> <span class=\"mkdf-st-title-highlight\">esta<\/span> <span class=\"mkdf-st-title-highlight\">planta<\/span> \u00fanica y llena de historia.\t\t\t<\/h2>\n\t\t        \t\t\t<\/div>\n<\/div>[vc_empty_space height=&#8221;42px&#8221;]\t\t<\/div>\n\t<\/div>\n<\/div><div class=\"mkdf-eh-item      \"  data-item-class=\"mkdf-eh-custom-1856\">\n\t<div class=\"mkdf-eh-item-background-image\" ><\/div>\n        <div class=\"mkdf-eh-item-inner\">\n\t\t<div class=\"mkdf-eh-item-content mkdf-eh-custom-1856\" style=\"padding: 0 0 0 0\">\n\t\t\t[vc_video link=&#8221;https:\/\/www.youtube.com\/watch?v=AI4fLTxXBmQ&#8221;]\t\t<\/div>\n\t<\/div>\n<\/div><\/div>[vc_row_inner][vc_column_inner][vc_column_text]<\/p>\n<h3><strong>Elecci\u00f3n del Entorno:<\/strong><\/h3>\n<p>Selecciona un lugar soleado en tu jard\u00edn o en una maceta en la que el Eguzkilore pueda recibir al menos 6 horas de luz solar directa al d\u00eda. El sol es esencial para su crecimiento saludable y para que desarrolle su distintiva corona floral.<\/p>\n<p>&nbsp;<\/p>\n<h3><strong>Preparaci\u00f3n del Suelo:<\/strong><\/h3>\n<p>Aseg\u00farate de que el suelo est\u00e9 bien drenado y ligeramente alcalino. Puedes mejorar la calidad del suelo agregando compost o tierra para macetas. Aseg\u00farate de que el suelo est\u00e9 suelto y aireado para permitir que las ra\u00edces se desarrollen adecuadamente.<\/p>\n<p>&nbsp;<\/p>\n<h3><strong>Plantaci\u00f3n:<\/strong><\/h3>\n<p><u>Planta las semillas<\/u> <strong>(Poner enlace a la ficha de semillas de la tienda)<\/strong> a una profundidad de aproximadamente 1 cent\u00edmetro en el suelo. Deja suficiente espacio entre cada planta para que puedan crecer y expandirse sin competir por los recursos.<\/p>\n<p>&nbsp;<\/p>\n<h3><strong>Riego<\/strong>:<\/h3>\n<p>Durante la temporada de crecimiento (primavera y verano), riega el Eguzkilore de manera regular para mantener el suelo uniformemente h\u00famedo, pero evita el encharcamiento. En invierno, reduce la frecuencia de riego para evitar el exceso de humedad en las ra\u00edces.<\/p>\n<p>&nbsp;<\/p>\n<h3><strong>Cuidados Estacionales<\/strong>:<\/h3>\n<p>En oto\u00f1o, despu\u00e9s de que las flores se hayan marchitado, puedes recortar los tallos para promover un crecimiento saludable en la pr\u00f3xima temporada. Agrega una capa de mantillo alrededor de la planta para proteger las ra\u00edces del fr\u00edo invernal.<\/p>\n<p>&nbsp;<\/p>\n<h3><strong>Prevenci\u00f3n de Plagas<\/strong>:<\/h3>\n<p>Inspecciona regularmente la planta en busca de signos de plagas, como \u00e1fidos o ara\u00f1as rojas. Si detectas problemas, puedes utilizar m\u00e9todos naturales de control de plagas o tratamientos espec\u00edficos recomendados.<\/p>\n<p>&nbsp;<\/p>\n<h3><strong>Recolecci\u00f3n de Semillas<\/strong>:<\/h3>\n<p>Si deseas cultivar m\u00e1s Eguzkilores, puedes recolectar las semillas una vez que las cabezas de flores se hayan secado y endurecido. Almacena las semillas en un lugar fresco y seco hasta que est\u00e9s listo para sembrarlas en la pr\u00f3xima temporada.[\/vc_column_text][\/vc_column_inner][\/vc_row_inner][\/vc_column][\/vc_row]<\/p>\n","protected":false},"excerpt":{"rendered":"<p>[vc_row row_content_width=&#8221;grid&#8221; css=&#8221;.vc_custom_1526291177080{padding-top: 80px !important;padding-bottom: 120px !important;}&#8221;][vc_column][vc_row_inner][vc_column_inner][vc_column_text] Elecci\u00f3n del Entorno: Selecciona un lugar soleado en tu jard\u00edn o en una maceta en la que el Eguzkilore pueda recibir al menos 6 horas de luz solar directa al d\u00eda. El sol [&hellip;]<\/p>\n","protected":false},"author":1,"featured_media":0,"parent":0,"menu_order":0,"comment_status":"closed","ping_status":"closed","template":"full-width.php","meta":{"footnotes":""},"class_list":["post-4221","page","type-page","status-publish","hentry"],"aioseo_notices":[],"_links":{"self":[{"href":"https:\/\/www.comprareguzkilore.com\/eu\/wp-json\/wp\/v2\/pages\/4221","targetHints":{"allow":["GET"]}}],"collection":[{"href":"https:\/\/www.comprareguzkilore.com\/eu\/wp-json\/wp\/v2\/pages"}],"about":[{"href":"https:\/\/www.comprareguzkilore.com\/eu\/wp-json\/wp\/v2\/types\/page"}],"author":[{"embeddable":true,"href":"https:\/\/www.comprareguzkilore.com\/eu\/wp-json\/wp\/v2\/users\/1"}],"replies":[{"embeddable":true,"href":"https:\/\/www.comprareguzkilore.com\/eu\/wp-json\/wp\/v2\/comments?post=4221"}],"version-history":[{"count":0,"href":"https:\/\/www.comprareguzkilore.com\/eu\/wp-json\/wp\/v2\/pages\/4221\/revisions"}],"wp:attachment":[{"href":"https:\/\/www.comprareguzkilore.com\/eu\/wp-json\/wp\/v2\/media?parent=4221"}],"curies":[{"name":"wp","href":"https:\/\/api.w.org\/{rel}","templated":true}]}}