{"id":4226,"date":"2018-05-04T11:15:16","date_gmt":"2018-05-04T11:15:16","guid":{"rendered":"https:\/\/www.comprareguzkilore.com\/el-eguzkilore\/"},"modified":"2018-05-04T11:15:16","modified_gmt":"2018-05-04T11:15:16","slug":"el-eguzkilore","status":"publish","type":"page","link":"https:\/\/www.comprareguzkilore.com\/eu\/el-eguzkilore\/","title":{"rendered":"El eguzkilore"},"content":{"rendered":"<p>[vc_row row_content_width=&#8221;grid&#8221; css=&#8221;.vc_custom_1526291177080{padding-top: 80px !important;padding-bottom: 120px !important;}&#8221;][vc_column]<div class=\"mkdf-elements-holder   mkdf-two-columns  mkdf-responsive-mode-1024 \" ><div class=\"mkdf-eh-item  mkdf-vertical-alignment-top    \"  data-item-class=\"mkdf-eh-custom-6360\" data-1024-1366=\"0px 10% 0px 0px\" data-768-1024=\"0px 29% 80px 0px\" data-680-768=\"0px 17% 80px 0px\" data-680=\"0px 0% 80px 0px\">\n\t<div class=\"mkdf-eh-item-background-image\" ><\/div>\n        <div class=\"mkdf-eh-item-inner\">\n\t\t<div class=\"mkdf-eh-item-content mkdf-eh-custom-6360\" style=\"padding: 28px 10% 0px 0px\">\n\t\t\t<div class=\"mkdf-section-title-holder  mkdf-st-disable-title-break mkdf-st-subtitle-pos-under\" >\n\t<div class=\"mkdf-st-inner\">\n\t\t\t\t\t\t\t<h2 class=\"mkdf-st-title\" >\n\t\t\t\tEl <span class=\"mkdf-st-title-highlight\">Eguzkilore,<\/span> tambi\u00e9n conocido<br \/> como ``flor del sol`` en euskera, es un amuleto de protecci\u00f3n profundamente arraigado en la rica herencia cultural del Pa\u00eds Vasco.\t\t\t<\/h2>\n\t\t        \t\t\t\t\t<p class=\"mkdf-st-text\" style=\"font-size: 17px;line-height: 29px;margin-top: 27px\">\n\t\t\t\tEsta planta, cient\u00edficamente denominada Carlina acaulis, trasciende su naturaleza bot\u00e1nica para convertirse en un s\u00edmbolo cargado de significado y simbolismo.\t\t\t<\/p>\n\t\t\t<\/div>\n<\/div>[vc_empty_space height=&#8221;42px&#8221;]\t\t<\/div>\n\t<\/div>\n<\/div><div class=\"mkdf-eh-item      \"  data-item-class=\"mkdf-eh-custom-8646\">\n\t<div class=\"mkdf-eh-item-background-image\" ><\/div>\n        <div class=\"mkdf-eh-item-inner\">\n\t\t<div class=\"mkdf-eh-item-content mkdf-eh-custom-8646\" style=\"padding: 0 0 0 0\">\n\t\t\t[vc_single_image image=&#8221;3079&#8243; img_size=&#8221;full&#8221;]\t\t<\/div>\n\t<\/div>\n<\/div><\/div>[vc_row_inner][vc_column_inner][vc_column_text]Caracterizado por sus hojas espinosas y su distintiva corona floral, el Eguzkilore ha sido apreciado a lo largo de los siglos como un guardi\u00e1n contra las energ\u00edas negativas y los males. Se cree que esta planta tiene la capacidad de capturar la energ\u00eda solar y repeler influencias malignas, lo que la convierte en un s\u00edmbolo de protecci\u00f3n tanto para los hogares como para quienes la llevan consigo.<\/p>\n<p>El Eguzkilore no solo es un amuleto, sino un enlace tangible con la historia y la espiritualidad del pueblo vasco. Su presencia en hogares y rituales, as\u00ed como su papel en las ceremonias tradicionales, lo convierten en un recordatorio duradero de la conexi\u00f3n entre la naturaleza y la cultura. Al adquirir un Eguzkilore, ya sea como un amuleto personal o como una adici\u00f3n decorativa a tu hogar, est\u00e1s honrando una tradici\u00f3n que se extiende a lo largo de generaciones y abrazando la esencia de la cultura vasca.[\/vc_column_text][\/vc_column_inner][\/vc_row_inner][\/vc_column][\/vc_row]<\/p>\n","protected":false},"excerpt":{"rendered":"<p>[vc_row row_content_width=&#8221;grid&#8221; css=&#8221;.vc_custom_1526291177080{padding-top: 80px !important;padding-bottom: 120px !important;}&#8221;][vc_column][vc_row_inner][vc_column_inner][vc_column_text]Caracterizado por sus hojas espinosas y su distintiva corona floral, el Eguzkilore ha sido apreciado a lo largo de los siglos como un guardi\u00e1n contra las energ\u00edas negativas y los males. Se cree que [&hellip;]<\/p>\n","protected":false},"author":1,"featured_media":0,"parent":0,"menu_order":0,"comment_status":"closed","ping_status":"closed","template":"full-width.php","meta":{"footnotes":""},"class_list":["post-4226","page","type-page","status-publish","hentry"],"aioseo_notices":[],"_links":{"self":[{"href":"https:\/\/www.comprareguzkilore.com\/eu\/wp-json\/wp\/v2\/pages\/4226","targetHints":{"allow":["GET"]}}],"collection":[{"href":"https:\/\/www.comprareguzkilore.com\/eu\/wp-json\/wp\/v2\/pages"}],"about":[{"href":"https:\/\/www.comprareguzkilore.com\/eu\/wp-json\/wp\/v2\/types\/page"}],"author":[{"embeddable":true,"href":"https:\/\/www.comprareguzkilore.com\/eu\/wp-json\/wp\/v2\/users\/1"}],"replies":[{"embeddable":true,"href":"https:\/\/www.comprareguzkilore.com\/eu\/wp-json\/wp\/v2\/comments?post=4226"}],"version-history":[{"count":0,"href":"https:\/\/www.comprareguzkilore.com\/eu\/wp-json\/wp\/v2\/pages\/4226\/revisions"}],"wp:attachment":[{"href":"https:\/\/www.comprareguzkilore.com\/eu\/wp-json\/wp\/v2\/media?parent=4226"}],"curies":[{"name":"wp","href":"https:\/\/api.w.org\/{rel}","templated":true}]}}