{"id":4232,"date":"2018-04-27T07:15:49","date_gmt":"2018-04-27T07:15:49","guid":{"rendered":"https:\/\/www.comprareguzkilore.com\/main-home\/"},"modified":"2018-04-27T07:15:49","modified_gmt":"2018-04-27T07:15:49","slug":"main-home","status":"publish","type":"page","link":"https:\/\/www.comprareguzkilore.com\/eu\/","title":{"rendered":"Inicio"},"content":{"rendered":"<p>[vc_row][vc_column][rev_slider_vc alias=&#8221;main-home&#8221; enable_paspartu=&#8221;no&#8221;][\/vc_column][\/vc_row][vc_row row_content_width=&#8221;grid&#8221; css=&#8221;.vc_custom_1526044222558{padding-top: 57px !important;padding-bottom: 75px !important;}&#8221;][vc_column]<h2 class=\"mkdf-custom-font-holder  mkdf-cf-3584  \" style=\"margin: 50px 0 50px 0\" data-item-class=\"mkdf-cf-3584\">\n\tEguzkilores<\/h2><div class=\"mkdf-pl-holder mkdf-standard-layout mkdf-medium-space mkdf-four-columns mkdf-info-below-image \"  data-type=\"standard\" data-info-position=\"info-below-image\" data-number-of-posts=\"100\" data-number-of-columns=\"4\" data-space-between-items=\"medium\" data-show-ordering-filter=\"yes\" data-orderby=\"date\" data-order=\"ASC\" data-show-category-filter=\"yes\" data-show-all-item-in-filter=\"no\" data-taxonomy-to-display=\"category\" data-image-size=\"woocommerce_thumbnail\" data-display-title=\"yes\" data-title-tag=\"h6\" data-display-category=\"no\" data-display-rating=\"no\" data-display-price=\"yes\" data-display-button=\"yes\" data-button-skin=\"default\" data-class-name=\"pli\" data-layout-classes=\"mkdf-pli-hover-overlay\">\n                <div class=\"mkdf-pl-cat-order-holder clearfix\">\n                <div class=\"mkdf-pl-categories\">\n\t<h6 class=\"mkdf-pl-categories-label\">Categories<\/h6>\n\t<ul>\n        <li><a class=\"mkdf-no-smooth-transitions\" data-category=\"de-100e\" href=\"https:\/\/www.comprareguzkilore.com\/eu\/categoria-producto\/de-100e\/\">+ de 100\u20ac<\/a><\/li><li><a class=\"mkdf-no-smooth-transitions\" data-category=\"eguzkilore-de-entre-40e-y-60e\" href=\"https:\/\/www.comprareguzkilore.com\/eu\/categoria-producto\/eguzkilore-de-entre-40e-y-60e\/\">Eguzkilore de entre 40\u20ac y 60\u20ac<\/a><\/li><li><a class=\"mkdf-no-smooth-transitions\" data-category=\"eguzkilore-de-entre-60e-y-80e\" href=\"https:\/\/www.comprareguzkilore.com\/eu\/categoria-producto\/eguzkilore-de-entre-60e-y-80e\/\">Eguzkilore de entre 60\u20ac y 80\u20ac<\/a><\/li><li><a class=\"mkdf-no-smooth-transitions\" data-category=\"eguzkilore-de-entre-80e-y-100e\" href=\"https:\/\/www.comprareguzkilore.com\/eu\/categoria-producto\/eguzkilore-de-entre-80e-y-100e\/\">Eguzkilore de entre 80\u20ac y 100\u20ac<\/a><\/li><li><a class=\"mkdf-no-smooth-transitions\" data-category=\"esculturas\" href=\"https:\/\/www.comprareguzkilore.com\/eu\/categoria-producto\/esculturas\/\">esculturas<\/a><\/li><li><a class=\"mkdf-no-smooth-transitions\" data-category=\"semillas-eguzkilore\" href=\"https:\/\/www.comprareguzkilore.com\/eu\/categoria-producto\/semillas-eguzkilore\/\">Semillas Eguzkilore<\/a><\/li>    <\/ul>\n<\/div>\n                <div class=\"mkdf-pl-ordering-outer\">\n    <div class=\"mkdf-pl-ordering-holder\">\n        <h6 class=\"mkdf-pl-ordering-filter-title\">Filter<\/h6>\n        <div class=\"mkdf-pl-ordering\">\n            <div class=\"mkdf-pl-ordering-inner\">\n                <h5 class=\"mkdf-pl-ordering-title\">Sort By<\/h5>\n                <ul>\n                    <li><a class=\"mkdf-no-smooth-transitions\" data-ordering=\"menu_order\" href=\"#\">Default<\/a><\/li><li><a class=\"mkdf-no-smooth-transitions\" data-ordering=\"popularity\" href=\"#\">Popularity<\/a><\/li><li><a class=\"mkdf-no-smooth-transitions\" data-ordering=\"rating\" href=\"#\">Average rating<\/a><\/li><li><a class=\"mkdf-no-smooth-transitions\" data-ordering=\"newness\" href=\"#\">Newness<\/a><\/li><li><a class=\"mkdf-no-smooth-transitions\" data-ordering=\"price\" href=\"#\">Price: Low to High<\/a><\/li><li><a class=\"mkdf-no-smooth-transitions\" data-ordering=\"price-desc\" href=\"#\">Price: High to Low<\/a><\/li>                <\/ul>\n            <\/div>\n            <div class=\"mkdf-pl-ordering-inner\">\n                <h5 class=\"mkdf-pl-ordering-title\">Price Range<\/h5>\n                <ul class=\"mkdf-pl-ordering-price\">\n                    <li><a data-minPrice=\"\" data-maxPrice=\"\" href=\"#\">All<\/a><\/li><li><a data-minPrice=\"0\" data-maxPrice=\"10\" href=\"#\">&euro;0-&euro;10<\/a><\/li><li><a data-minPrice=\"10\" data-maxPrice=\"20\" href=\"#\">&euro;10-&euro;20<\/a><\/li><li><a data-minPrice=\"20\" data-maxPrice=\"30\" href=\"#\">&euro;20-&euro;30<\/a><\/li><li><a data-minPrice=\"30\" data-maxPrice=\"40\" href=\"#\">&euro;30-&euro;40<\/a><\/li><li><a data-minPrice=\"40\" data-maxPrice=\"100000000000\" href=\"#\">40&euro;+<\/a><\/li>                <\/ul>\n            <\/div>\n        <\/div>\n    <\/div>\n<\/div>\n            <\/div>\n                <div class=\"mkdf-prl-loading\">\n            <span class=\"mkdf-prl-loading-msg\">Loading...<\/span>\n        <\/div>\n        <div class=\"mkdf-pl-outer mkdf-outer-space\">\n            <div class=\"mkdf-pli mkdf-item-space \">\n\t<div class=\"mkdf-pli-inner\">\n\t\t<div class=\"mkdf-pli-image\">\n\t\t\t\n<img loading=\"lazy\" decoding=\"async\" width=\"300\" height=\"300\" src=\"https:\/\/www.comprareguzkilore.com\/wp-content\/uploads\/2023\/08\/FotoSemillasEjemplo-300x300.jpg\" class=\"attachment-woocommerce_thumbnail size-woocommerce_thumbnail wp-post-image\" alt=\"\" srcset=\"https:\/\/www.comprareguzkilore.com\/wp-content\/uploads\/2023\/08\/FotoSemillasEjemplo-300x300.jpg 300w, https:\/\/www.comprareguzkilore.com\/wp-content\/uploads\/2023\/08\/FotoSemillasEjemplo-150x150.jpg 150w, https:\/\/www.comprareguzkilore.com\/wp-content\/uploads\/2023\/08\/FotoSemillasEjemplo-650x650.jpg 650w, https:\/\/www.comprareguzkilore.com\/wp-content\/uploads\/2023\/08\/FotoSemillasEjemplo-100x100.jpg 100w\" sizes=\"auto, (max-width: 300px) 100vw, 300px\" \/>\t\t<\/div>\n\n\t\t<a class=\"mkdf-pli-link\" itemprop=\"url\" href=\"https:\/\/www.comprareguzkilore.com\/eu\/producto\/semillas-de-eguzkilore-7-unidades\/\" title=\"Semillas de Eguzkilore (7 Unidades)\"><\/a>\n\t<\/div>\n\t<div class=\"mkdf-pli-text-wrapper\" >\n\t\t\t\t\n\t\t    <h6 itemprop=\"name\" class=\"entry-title mkdf-pli-title\" >\n\t\t<a itemprop=\"url\" href=\"https:\/\/www.comprareguzkilore.com\/eu\/producto\/semillas-de-eguzkilore-7-unidades\/\">Semillas de Eguzkilore (7 Unidades)<\/a>\n\t<\/h6>\n\t\t\n\t\t\t\t\t\t\n\n\t\t\t\n\t<div class=\"mkdf-pli-add-to-cart mkdf-default-skin\">\n\t\t<a rel=\"nofollow\" href=\"?add-to-cart=3130\" data-quantity=\"1\" data-product_id=\"3130\" data-product_sku=\"S0001\" class=\"button add_to_cart_button ajax_add_to_cart mkdf-button\">Add to cart<\/a>\t<\/div>\n\t\t\n\t\t\t<div class=\"mkdf-pli-price\"><span class=\"woocommerce-Price-amount amount\">10.00<span class=\"woocommerce-Price-currencySymbol\">&euro;<\/span><\/span> <small class=\"woocommerce-price-suffix\">IVA incluido<\/small><\/div>\n\t<\/div>\n<\/div>        <\/div>\n    <\/div>[\/vc_column][\/vc_row][vc_row row_content_width=&#8221;grid&#8221; simple_background_color=&#8221;#f7f7f7&#8243; css=&#8221;.vc_custom_1526286525706{padding-top: 120px !important;padding-bottom: 120px !important;}&#8221;][vc_column]<div class=\"mkdf-elements-holder   mkdf-two-columns  mkdf-responsive-mode-1024 \" ><div class=\"mkdf-eh-item  mkdf-vertical-alignment-top    \"  data-item-class=\"mkdf-eh-custom-5430\">\n\t<div class=\"mkdf-eh-item-background-image\" ><\/div>\n        <div class=\"mkdf-eh-item-inner\">\n\t\t<div class=\"mkdf-eh-item-content mkdf-eh-custom-5430\" style=\"padding: 0 0 0 0\">\n\t\t\t[vc_single_image image=&#8221;3010&#8243; img_size=&#8221;full&#8221;]\t\t<\/div>\n\t<\/div>\n<\/div><div class=\"mkdf-eh-item  mkdf-vertical-alignment-top    \"  data-item-class=\"mkdf-eh-custom-2389\" data-1024-1366=\"4px 6% 0px 70px\" data-768-1024=\"59px 37% 0px 0px\" data-680-768=\"59px 24% 0px 0px\" data-680=\"59px 0% 0px 0px\">\n\t<div class=\"mkdf-eh-item-background-image\" ><\/div>\n        <div class=\"mkdf-eh-item-inner\">\n\t\t<div class=\"mkdf-eh-item-content mkdf-eh-custom-2389\" style=\"padding: 31px 14% 0px 70px\">\n\t\t\t<div class=\"mkdf-section-title-holder  mkdf-st-disable-title-break mkdf-st-subtitle-pos-under\" >\n\t<div class=\"mkdf-st-inner\">\n\t\t\t\t\t\t\t<h1 class=\"mkdf-st-title\" >\n\t\t\t\tEl <span class=\"mkdf-st-title-highlight\">Eguzkilore:<\/span> Tesoro<br \/> Ancestral de Protecci\u00f3n\t\t\t<\/h1>\n\t\t        \t\t\t\t\t<p class=\"mkdf-st-text\" style=\"font-size: 17px;line-height: 29px;margin-top: 27px\">\n\t\t\t\tEl Eguzkilore es un tesoro bot\u00e1nico y s\u00edmbolo de protecci\u00f3n arraigado en las ra\u00edces m\u00e1s profundas de la cultura vasca.\nEl Eguzkilore no es solo una planta, es un v\u00ednculo con nuestro pasado. Utilizado desde tiempos remotos como defensor contra las energ\u00edas negativas y los males, este amuleto ha sido transmitido de generaci\u00f3n en generaci\u00f3n.\t\t\t<\/p>\n\t\t\t<\/div>\n<\/div>[vc_empty_space]\t\t<\/div>\n\t<\/div>\n<\/div><\/div>[\/vc_column][\/vc_row][vc_row row_content_width=&#8221;grid&#8221; content_text_aligment=&#8221;center&#8221; simple_background_color=&#8221;#f8f8f8&#8243; css=&#8221;.vc_custom_1526289778958{padding-top: 98px !important;padding-bottom: 81px !important;}&#8221;][vc_column][vc_row_inner css=&#8221;.vc_custom_1525335818748{padding-bottom: 68px !important;}&#8221;][vc_column_inner offset=&#8221;vc_col-lg-offset-3 vc_col-lg-6 vc_col-md-offset-1 vc_col-md-10 vc_col-sm-offset-0&#8243;]<div class=\"mkdf-section-title-holder   mkdf-st-subtitle-pos-under\" >\n\t<div class=\"mkdf-st-inner\">\n\t\t\t\t\t\t\t<h2 class=\"mkdf-st-title\" >\n\t\t\t\tBLOGS SOBRE EL EGUZKILORE\t\t\t<\/h2>\n\t\t        \t\t\t\t\t<p class=\"mkdf-st-text\" style=\"font-size: 17px;line-height: 29px\">\n\t\t\t\tDescubre el Fascinante Mundo de los Eguzkilores mediante los art\u00edculos de nuestro blog\t\t\t<\/p>\n\t\t\t<\/div>\n<\/div>[\/vc_column_inner][\/vc_row_inner]<div class=\"mkdf-blog-list-holder mkdf-bl-standard mkdf-bl-three-columns mkdf-small-space mkdf-bl-pag-no-pagination mkdf-bl-image-zoom  mkdf-bl-date-on-image\"  data-type=standard data-number-of-posts=3 data-number-of-columns=3 data-space-between-items=small data-category=blog data-orderby=date data-order=ASC data-image-size=full data-title-tag=h3 data-excerpt-length=40 data-post-info-section=no data-post-info-image=yes data-post-info-image-zoom=yes data-post-info-image-shader=no data-post-info-author=yes data-post-info-date-position=on-image data-post-info-date=yes data-post-info-category=yes data-post-info-comments=no data-post-info-like=no data-post-info-share=no data-pagination-type=no-pagination data-max-num-pages=0 data-next-page=2>\n\t<div class=\"mkdf-bl-wrapper mkdf-outer-space\">\n\t\t<ul class=\"mkdf-blog-list\">\n\t\t\t<p class=\"mkdf-blog-no-posts\">Sorry, no posts matched your criteria.<\/p>\t\t<\/ul>\n\t<\/div>\n\t<\/div>[\/vc_column][\/vc_row][vc_row row_content_width=&#8221;grid&#8221; css=&#8221;.vc_custom_1526044823592{padding-top: 84px !important;padding-bottom: 112px !important;}&#8221;][vc_column offset=&#8221;vc_col-lg-offset-2 vc_col-lg-8&#8243;]<div class=\"mkdf-testimonials-holder mkdf-testimonials-standard  clearfix\"><div class=\"mkdf-testimonials mkdf-owl-slider\" data-number-of-items=\"1\" data-enable-autoplay=\"yes\" data-slider-speed=\"5000\" data-slider-speed-animation=\"600\" data-enable-navigation=\"yes\" data-enable-pagination=\"yes\">Sorry, no posts matched your criteria.<\/div><\/div>[\/vc_column][\/vc_row]<\/p>\n","protected":false},"excerpt":{"rendered":"<p>[vc_row][vc_column][rev_slider_vc alias=&#8221;main-home&#8221; enable_paspartu=&#8221;no&#8221;][\/vc_column][\/vc_row][vc_row row_content_width=&#8221;grid&#8221; css=&#8221;.vc_custom_1526044222558{padding-top: 57px !important;padding-bottom: 75px !important;}&#8221;][vc_column][\/vc_column][\/vc_row][vc_row row_content_width=&#8221;grid&#8221; simple_background_color=&#8221;#f7f7f7&#8243; css=&#8221;.vc_custom_1526286525706{padding-top: 120px !important;padding-bottom: 120px !important;}&#8221;][vc_column][\/vc_column][\/vc_row][vc_row row_content_width=&#8221;grid&#8221; content_text_aligment=&#8221;center&#8221; simple_background_color=&#8221;#f8f8f8&#8243; css=&#8221;.vc_custom_1526289778958{padding-top: 98px !important;padding-bottom: 81px !important;}&#8221;][vc_column][vc_row_inner css=&#8221;.vc_custom_1525335818748{padding-bottom: 68px !important;}&#8221;][vc_column_inner offset=&#8221;vc_col-lg-offset-3 vc_col-lg-6 vc_col-md-offset-1 vc_col-md-10 vc_col-sm-offset-0&#8243;][\/vc_column_inner][\/vc_row_inner][\/vc_column][\/vc_row][vc_row row_content_width=&#8221;grid&#8221; css=&#8221;.vc_custom_1526044823592{padding-top: 84px !important;padding-bottom: 112px !important;}&#8221;][vc_column offset=&#8221;vc_col-lg-offset-2 vc_col-lg-8&#8243;][\/vc_column][\/vc_row]<\/p>\n","protected":false},"author":1,"featured_media":0,"parent":0,"menu_order":0,"comment_status":"closed","ping_status":"closed","template":"full-width.php","meta":{"footnotes":""},"class_list":["post-4232","page","type-page","status-publish","hentry"],"aioseo_notices":[],"_links":{"self":[{"href":"https:\/\/www.comprareguzkilore.com\/eu\/wp-json\/wp\/v2\/pages\/4232","targetHints":{"allow":["GET"]}}],"collection":[{"href":"https:\/\/www.comprareguzkilore.com\/eu\/wp-json\/wp\/v2\/pages"}],"about":[{"href":"https:\/\/www.comprareguzkilore.com\/eu\/wp-json\/wp\/v2\/types\/page"}],"author":[{"embeddable":true,"href":"https:\/\/www.comprareguzkilore.com\/eu\/wp-json\/wp\/v2\/users\/1"}],"replies":[{"embeddable":true,"href":"https:\/\/www.comprareguzkilore.com\/eu\/wp-json\/wp\/v2\/comments?post=4232"}],"version-history":[{"count":0,"href":"https:\/\/www.comprareguzkilore.com\/eu\/wp-json\/wp\/v2\/pages\/4232\/revisions"}],"wp:attachment":[{"href":"https:\/\/www.comprareguzkilore.com\/eu\/wp-json\/wp\/v2\/media?parent=4232"}],"curies":[{"name":"wp","href":"https:\/\/api.w.org\/{rel}","templated":true}]}}