{"id":4235,"date":"2024-05-13T09:12:00","date_gmt":"2024-05-13T07:12:00","guid":{"rendered":"https:\/\/www.comprareguzkilore.com\/amalur-eguzkilore-en-beasain\/"},"modified":"2024-05-13T09:12:00","modified_gmt":"2024-05-13T07:12:00","slug":"amalur-eguzkilore-en-beasain","status":"publish","type":"page","link":"https:\/\/www.comprareguzkilore.com\/eu\/amalur-eguzkilore-en-beasain\/","title":{"rendered":"amalur eguzkilore en Beasain"},"content":{"rendered":"<div class=\"wpb_column vc_column_container vc_col-sm-12\">\n<div class=\"vc_column-inner\">\n<div class=\"wpb_wrapper\">\n<div class=\"vc_row wpb_row vc_inner vc_row-fluid\">\n<div class=\"wpb_column vc_column_container vc_col-sm-12\">\n<div class=\"vc_column-inner\">\n<div class=\"wpb_wrapper\">\n<div class=\"wpb_text_column wpb_content_element \">\n<div class=\"wpb_wrapper\">\n<p><img loading=\"lazy\" decoding=\"async\" class=\" wp-image-3031 aligncenter\" src=\"https:\/\/www.comprareguzkilore.com\/wp-content\/uploads\/2023\/08\/Articulo1-300x192.jpg\" alt=\"Eguzkilore\" width=\"450\" height=\"288\" srcset=\"https:\/\/www.comprareguzkilore.com\/wp-content\/uploads\/2023\/08\/Articulo1-300x192.jpg 300w, https:\/\/www.comprareguzkilore.com\/wp-content\/uploads\/2023\/08\/Articulo1-600x383.jpg 600w, https:\/\/www.comprareguzkilore.com\/wp-content\/uploads\/2023\/08\/Articulo1-1024x654.jpg 1024w, https:\/\/www.comprareguzkilore.com\/wp-content\/uploads\/2023\/08\/Articulo1-768x490.jpg 768w, https:\/\/www.comprareguzkilore.com\/wp-content\/uploads\/2023\/08\/Articulo1.jpg 1300w\" sizes=\"auto, (max-width: 450px) 100vw, 450px\" \/>Cuenta la leyenda que en el inicio de los tiempos, cuando los hombres comenzaron a poblar la tierra, no exist\u00edan ni el sol ni la luna y los hombres se encontraban inmersos en una gran oscuridad, asustados por las numerosas criaturas que sal\u00edan de las entra\u00f1as de la tierra: toros de fuego, caballos voladores, enormes dragones, genios y brujas\u2026 Los hombres viv\u00edan en cavernas, temerosos y expectantes, hasta que finalmente, en su desesperaci\u00f3n, decidieron pedir ayuda a <strong>Amalur<\/strong>.\u00a0 Amalur les dijo:<\/p>\n<p>\u2013 \u201cHijos m\u00edos, me ped\u00eds que os ayude y eso voy a hacer. Crear\u00e9 un ser luminoso al que llamar\u00e9is <strong>Ilargi<\/strong>\u201c.<\/p>\n<p>Y as\u00ed <strong>Amalur<\/strong> cre\u00f3 la Luna, que con su brillo p\u00e1lido ilumin\u00f3 la noche y espant\u00f3 a las criaturas. Al comienzo, los hombres se asustaron de la luz y permanecieron en sus cuevas sin atreverse a salir. Pero vieron que las criaturas de la oscuridad hu\u00edan del resplandor de <strong>Ilargi<\/strong>, y salieron a celebrarlo, regocijados. Pero el susto de los genios no dur\u00f3 para siempre, y poco a poco, las criaturas de la oscuridad se acostumbraron a la luz de Ilargi, y no tardaron en salir de sus simas y acosar de nuevo a los humanos. As\u00ed que los hombres acudieron otra vez a Amalur, pidi\u00e9ndole esta vez algo m\u00e1s poderoso.<\/p>\n<p>\u2013 \u201cAmalur,\u201d -le dijeron- \u201cte estamos muy agradecidos porque nos has regalado a la madre Luna, pero a\u00fan necesitamos algo m\u00e1s poderoso puesto que los genios no dejan de perseguirnos.\u201d<\/p>\n<p>\u2013 \u201cDe acuerdo,\u201d \u2013 respondi\u00f3 Amalur- \u201ccrear\u00e9 un ser todav\u00eda m\u00e1s luminoso al que llamar\u00e9is <strong>Eguzki<\/strong>.\u201d<\/p>\n<p>Y Amalur cre\u00f3 el Sol. De esta forma, el Sol ser\u00eda el d\u00eda y la Luna la noche. Era tan grande, luminoso y caliente que incluso los hombres tuvieron que acostumbrarse poco a poco. Gracias a su calor y luz, crecieron las plantas y a\u00fan m\u00e1s importante, los genios y las brujas no pudieron acostumbrarse a la gran claridad del d\u00eda y desde entonces s\u00f3lo pudieron salir de noche.<\/p>\n<p>Pero los hombres, acudieron una vez m\u00e1s a Amalur para pedirle protecci\u00f3n durante la noche, ya que los genios segu\u00edan saliendo de sus simas en la oscuridad de la noche para acosarlos. Y fue entonces cuando<strong> Amalur cre\u00f3 una flor tan hermosa que, al verla, los seres de la noche creer\u00edan que era el propio Eguzki y huir\u00edan aterrados<\/strong>. Esta es \u201c<strong>Eguzkilore<\/strong>\u201d (flor del sol). Y hasta hoy, este es el s\u00edmbolo de protecci\u00f3n que defiende los hogares de los malos esp\u00edritus, los brujos, los genios de la enfermedad, las tempestades, rayos y dem\u00e1s enemigos del hombre.<\/p>\n<\/div>\n<\/div>\n<\/div>\n<\/div>\n<\/div>\n<\/div>\n<\/div>\n<\/div>\n<\/div>\n","protected":false},"excerpt":{"rendered":"<p>Cuenta la leyenda que en el inicio de los tiempos, cuando los hombres comenzaron a poblar la tierra, no exist\u00edan ni el sol ni la luna y los hombres se encontraban inmersos en una gran oscuridad, asustados por las numerosas [&hellip;]<\/p>\n","protected":false},"author":1,"featured_media":0,"parent":0,"menu_order":0,"comment_status":"closed","ping_status":"open","template":"","meta":{"footnotes":""},"class_list":["post-4235","page","type-page","status-publish","hentry"],"aioseo_notices":[],"_links":{"self":[{"href":"https:\/\/www.comprareguzkilore.com\/eu\/wp-json\/wp\/v2\/pages\/4235","targetHints":{"allow":["GET"]}}],"collection":[{"href":"https:\/\/www.comprareguzkilore.com\/eu\/wp-json\/wp\/v2\/pages"}],"about":[{"href":"https:\/\/www.comprareguzkilore.com\/eu\/wp-json\/wp\/v2\/types\/page"}],"author":[{"embeddable":true,"href":"https:\/\/www.comprareguzkilore.com\/eu\/wp-json\/wp\/v2\/users\/1"}],"replies":[{"embeddable":true,"href":"https:\/\/www.comprareguzkilore.com\/eu\/wp-json\/wp\/v2\/comments?post=4235"}],"version-history":[{"count":0,"href":"https:\/\/www.comprareguzkilore.com\/eu\/wp-json\/wp\/v2\/pages\/4235\/revisions"}],"wp:attachment":[{"href":"https:\/\/www.comprareguzkilore.com\/eu\/wp-json\/wp\/v2\/media?parent=4235"}],"curies":[{"name":"wp","href":"https:\/\/api.w.org\/{rel}","templated":true}]}}