{"id":4236,"date":"2024-05-13T09:12:00","date_gmt":"2024-05-13T07:12:00","guid":{"rendered":"https:\/\/www.comprareguzkilore.com\/venta-de-eguzkilores-en-beasain\/"},"modified":"2024-05-13T09:12:00","modified_gmt":"2024-05-13T07:12:00","slug":"venta-de-eguzkilores-en-beasain","status":"publish","type":"page","link":"https:\/\/www.comprareguzkilore.com\/eu\/venta-de-eguzkilores-en-beasain\/","title":{"rendered":"Venta de eguzkilores en Beasain"},"content":{"rendered":"<div class=\"wpb_column vc_column_container vc_col-sm-12\">\n<div class=\"vc_column-inner\">\n<div class=\"wpb_wrapper\">\n<div class=\"vc_row wpb_row vc_inner vc_row-fluid\">\n<div class=\"wpb_column vc_column_container vc_col-sm-12\">\n<div class=\"vc_column-inner\">\n<div class=\"wpb_wrapper\">\n<div class=\"wpb_text_column wpb_content_element \">\n<div class=\"wpb_wrapper\">\n<p><img loading=\"lazy\" decoding=\"async\" class=\" wp-image-3601 aligncenter\" src=\"https:\/\/www.comprareguzkilore.com\/wp-content\/uploads\/2023\/08\/2-296x300.jpg\" alt=\"\" width=\"348\" height=\"353\" srcset=\"https:\/\/www.comprareguzkilore.com\/wp-content\/uploads\/2023\/08\/2-296x300.jpg 296w, https:\/\/www.comprareguzkilore.com\/wp-content\/uploads\/2023\/08\/2-1010x1024.jpg 1010w, https:\/\/www.comprareguzkilore.com\/wp-content\/uploads\/2023\/08\/2-768x778.jpg 768w, https:\/\/www.comprareguzkilore.com\/wp-content\/uploads\/2023\/08\/2-1515x1536.jpg 1515w, https:\/\/www.comprareguzkilore.com\/wp-content\/uploads\/2023\/08\/2-600x608.jpg 600w, https:\/\/www.comprareguzkilore.com\/wp-content\/uploads\/2023\/08\/2-100x100.jpg 100w\" sizes=\"auto, (max-width: 348px) 100vw, 348px\" \/>Caracterizado por sus hojas espinosas y su distintiva corona floral, el Eguzkilore ha sido apreciado a lo largo de los siglos como un guardi\u00e1n contra las energ\u00edas negativas y los males. Se cree que esta planta tiene la capacidad de capturar la energ\u00eda solar y repeler influencias malignas, lo que la convierte en un s\u00edmbolo de protecci\u00f3n tanto para los hogares en Beasain como para quienes la llevan consigo.<\/p>\n<p>El Eguzkilore no solo es un amuleto, sino un enlace tangible con la historia y la espiritualidad del pueblo vasco. Su presencia en hogares y rituales, as\u00ed como su papel en las ceremonias tradicionales, lo convierten en un recordatorio duradero de la conexi\u00f3n entre la naturaleza y la cultura. Al adquirir un Eguzkilore, ya sea como un amuleto personal o como una adici\u00f3n decorativa a tu hogar, est\u00e1s honrando una tradici\u00f3n que se extiende a lo largo de generaciones y abrazando la esencia de la cultura vasca.<\/p>\n<\/div>\n<\/div>\n<\/div>\n<\/div>\n<\/div>\n<\/div>\n<\/div>\n<\/div>\n<\/div>\n","protected":false},"excerpt":{"rendered":"<p>Caracterizado por sus hojas espinosas y su distintiva corona floral, el Eguzkilore ha sido apreciado a lo largo de los siglos como un guardi\u00e1n contra las energ\u00edas negativas y los males. Se cree que esta planta tiene la capacidad de [&hellip;]<\/p>\n","protected":false},"author":1,"featured_media":0,"parent":0,"menu_order":0,"comment_status":"closed","ping_status":"open","template":"","meta":{"footnotes":""},"class_list":["post-4236","page","type-page","status-publish","hentry"],"aioseo_notices":[],"_links":{"self":[{"href":"https:\/\/www.comprareguzkilore.com\/eu\/wp-json\/wp\/v2\/pages\/4236","targetHints":{"allow":["GET"]}}],"collection":[{"href":"https:\/\/www.comprareguzkilore.com\/eu\/wp-json\/wp\/v2\/pages"}],"about":[{"href":"https:\/\/www.comprareguzkilore.com\/eu\/wp-json\/wp\/v2\/types\/page"}],"author":[{"embeddable":true,"href":"https:\/\/www.comprareguzkilore.com\/eu\/wp-json\/wp\/v2\/users\/1"}],"replies":[{"embeddable":true,"href":"https:\/\/www.comprareguzkilore.com\/eu\/wp-json\/wp\/v2\/comments?post=4236"}],"version-history":[{"count":0,"href":"https:\/\/www.comprareguzkilore.com\/eu\/wp-json\/wp\/v2\/pages\/4236\/revisions"}],"wp:attachment":[{"href":"https:\/\/www.comprareguzkilore.com\/eu\/wp-json\/wp\/v2\/media?parent=4236"}],"curies":[{"name":"wp","href":"https:\/\/api.w.org\/{rel}","templated":true}]}}