{"id":3130,"date":"2023-08-29T13:16:00","date_gmt":"2023-08-29T11:16:00","guid":{"rendered":"https:\/\/www.comprareguzkilore.com\/?post_type=product&#038;p=3130"},"modified":"2026-03-02T11:51:35","modified_gmt":"2026-03-02T10:51:35","slug":"semillas-de-eguzkilore-7-unidades","status":"publish","type":"product","link":"https:\/\/www.comprareguzkilore.com\/eu\/producto\/semillas-de-eguzkilore-7-unidades\/","title":{"rendered":"Semillas de Eguzkilore (7 Unidades)"},"content":{"rendered":"<p>7 semillas de Eguzkilore e informaci\u00f3n para su germinaci\u00f3n.<br \/>\nTodas nuestras semillas son &#8220;del a\u00f1o&#8221;, semillas cosechadas en el a\u00f1o en curso.<\/p>\n<p>A partir de octubre est\u00e1n listas para su venta hasta agotar existencias.<\/p>\n<p>Animate!!!! Nosotros te ayudamos<\/p>\n","protected":false},"excerpt":{"rendered":"<p>7 semillas de Eguzkilore e informaci\u00f3n para su germinaci\u00f3n. Todas nuestras semillas son &#8220;del a\u00f1o&#8221;, semillas cosechadas en el a\u00f1o en curso. A partir de octubre est\u00e1n listas para su venta hasta agotar existencias. Animate!!!! Nosotros te ayudamos<\/p>\n","protected":false},"featured_media":3131,"template":"","meta":[],"product_brand":[],"product_cat":[15],"product_tag":[],"class_list":{"0":"post-3130","1":"product","2":"type-product","3":"status-publish","4":"has-post-thumbnail","6":"product_cat-semillas-eguzkilore","8":"first","9":"instock","10":"taxable","11":"shipping-taxable","12":"purchasable","13":"product-type-simple"},"aioseo_notices":[],"_links":{"self":[{"href":"https:\/\/www.comprareguzkilore.com\/eu\/wp-json\/wp\/v2\/product\/3130","targetHints":{"allow":["GET"]}}],"collection":[{"href":"https:\/\/www.comprareguzkilore.com\/eu\/wp-json\/wp\/v2\/product"}],"about":[{"href":"https:\/\/www.comprareguzkilore.com\/eu\/wp-json\/wp\/v2\/types\/product"}],"wp:featuredmedia":[{"embeddable":true,"href":"https:\/\/www.comprareguzkilore.com\/eu\/wp-json\/wp\/v2\/media\/3131"}],"wp:attachment":[{"href":"https:\/\/www.comprareguzkilore.com\/eu\/wp-json\/wp\/v2\/media?parent=3130"}],"wp:term":[{"taxonomy":"product_brand","embeddable":true,"href":"https:\/\/www.comprareguzkilore.com\/eu\/wp-json\/wp\/v2\/product_brand?post=3130"},{"taxonomy":"product_cat","embeddable":true,"href":"https:\/\/www.comprareguzkilore.com\/eu\/wp-json\/wp\/v2\/product_cat?post=3130"},{"taxonomy":"product_tag","embeddable":true,"href":"https:\/\/www.comprareguzkilore.com\/eu\/wp-json\/wp\/v2\/product_tag?post=3130"}],"curies":[{"name":"wp","href":"https:\/\/api.w.org\/{rel}","templated":true}]}}